{"id":5349,"date":"2025-11-21T18:41:35","date_gmt":"2025-11-21T15:41:35","guid":{"rendered":"https:\/\/www.tasdevripromosyon.com.tr\/?post_type=product&#038;p=5349"},"modified":"2025-11-21T18:42:17","modified_gmt":"2025-11-21T15:42:17","slug":"bt-11-trs-buz-torbasi","status":"publish","type":"product","link":"https:\/\/www.tasdevripromosyon.com.tr\/index.php\/product\/bt-11-trs-buz-torbasi\/","title":{"rendered":"BT-11-TRS Buz Torbas\u0131"},"content":{"rendered":"<p>* A\u011f\u0131rl\u0131k: 100 gram<\/p>\n","protected":false},"excerpt":{"rendered":"<p>* A\u011f\u0131rl\u0131k: 100 gram<\/p>\n","protected":false},"featured_media":5403,"comment_status":"closed","ping_status":"closed","template":"","meta":{"_acf_changed":false},"product_brand":[],"product_cat":[235],"product_tag":[],"class_list":{"0":"post-5349","1":"product","2":"type-product","3":"status-publish","4":"has-post-thumbnail","6":"product_cat-arac-ve-gerecler","8":"first","9":"outofstock","10":"sale","11":"shipping-taxable","12":"purchasable","13":"product-type-simple"},"acf":[],"_links":{"self":[{"href":"https:\/\/www.tasdevripromosyon.com.tr\/index.php\/wp-json\/wp\/v2\/product\/5349","targetHints":{"allow":["GET"]}}],"collection":[{"href":"https:\/\/www.tasdevripromosyon.com.tr\/index.php\/wp-json\/wp\/v2\/product"}],"about":[{"href":"https:\/\/www.tasdevripromosyon.com.tr\/index.php\/wp-json\/wp\/v2\/types\/product"}],"replies":[{"embeddable":true,"href":"https:\/\/www.tasdevripromosyon.com.tr\/index.php\/wp-json\/wp\/v2\/comments?post=5349"}],"wp:featuredmedia":[{"embeddable":true,"href":"https:\/\/www.tasdevripromosyon.com.tr\/index.php\/wp-json\/wp\/v2\/media\/5403"}],"wp:attachment":[{"href":"https:\/\/www.tasdevripromosyon.com.tr\/index.php\/wp-json\/wp\/v2\/media?parent=5349"}],"wp:term":[{"taxonomy":"product_brand","embeddable":true,"href":"https:\/\/www.tasdevripromosyon.com.tr\/index.php\/wp-json\/wp\/v2\/product_brand?post=5349"},{"taxonomy":"product_cat","embeddable":true,"href":"https:\/\/www.tasdevripromosyon.com.tr\/index.php\/wp-json\/wp\/v2\/product_cat?post=5349"},{"taxonomy":"product_tag","embeddable":true,"href":"https:\/\/www.tasdevripromosyon.com.tr\/index.php\/wp-json\/wp\/v2\/product_tag?post=5349"}],"curies":[{"name":"wp","href":"https:\/\/api.w.org\/{rel}","templated":true}]}}