{"id":5354,"date":"2025-11-21T18:41:35","date_gmt":"2025-11-21T15:41:35","guid":{"rendered":"https:\/\/www.tasdevripromosyon.com.tr\/?post_type=product&#038;p=5354"},"modified":"2025-11-21T18:42:31","modified_gmt":"2025-11-21T15:42:31","slug":"4225-kamp-feneri","status":"publish","type":"product","link":"https:\/\/www.tasdevripromosyon.com.tr\/index.php\/product\/4225-kamp-feneri\/","title":{"rendered":"4225 Kamp Feneri"},"content":{"rendered":"<p>* Ebat: 4.1 x 16 cm Pil: \u015earj edilebilir Type C * Mod: 3 farkl\u0131 \u0131\u015f\u0131k modu Zoom: Var Ask\u0131 Aparat\u0131: Var * M\u0131knat\u0131s \u0130le Yap\u0131\u015fma: Var Bask\u0131: Lazer<\/p>\n","protected":false},"excerpt":{"rendered":"<p>* Ebat: 4.1 x 16 cm Pil: \u015earj edilebilir Type C * Mod: 3 farkl\u0131 \u0131\u015f\u0131k modu Zoom: Var Ask\u0131 Aparat\u0131: Var * M\u0131knat\u0131s \u0130le Yap\u0131\u015fma: Var Bask\u0131: Lazer<\/p>\n","protected":false},"featured_media":5425,"comment_status":"closed","ping_status":"closed","template":"","meta":{"_acf_changed":false},"product_brand":[],"product_cat":[235],"product_tag":[],"class_list":{"0":"post-5354","1":"product","2":"type-product","3":"status-publish","4":"has-post-thumbnail","6":"product_cat-arac-ve-gerecler","8":"first","9":"instock","10":"sale","11":"shipping-taxable","12":"purchasable","13":"product-type-simple"},"acf":[],"_links":{"self":[{"href":"https:\/\/www.tasdevripromosyon.com.tr\/index.php\/wp-json\/wp\/v2\/product\/5354","targetHints":{"allow":["GET"]}}],"collection":[{"href":"https:\/\/www.tasdevripromosyon.com.tr\/index.php\/wp-json\/wp\/v2\/product"}],"about":[{"href":"https:\/\/www.tasdevripromosyon.com.tr\/index.php\/wp-json\/wp\/v2\/types\/product"}],"replies":[{"embeddable":true,"href":"https:\/\/www.tasdevripromosyon.com.tr\/index.php\/wp-json\/wp\/v2\/comments?post=5354"}],"wp:featuredmedia":[{"embeddable":true,"href":"https:\/\/www.tasdevripromosyon.com.tr\/index.php\/wp-json\/wp\/v2\/media\/5425"}],"wp:attachment":[{"href":"https:\/\/www.tasdevripromosyon.com.tr\/index.php\/wp-json\/wp\/v2\/media?parent=5354"}],"wp:term":[{"taxonomy":"product_brand","embeddable":true,"href":"https:\/\/www.tasdevripromosyon.com.tr\/index.php\/wp-json\/wp\/v2\/product_brand?post=5354"},{"taxonomy":"product_cat","embeddable":true,"href":"https:\/\/www.tasdevripromosyon.com.tr\/index.php\/wp-json\/wp\/v2\/product_cat?post=5354"},{"taxonomy":"product_tag","embeddable":true,"href":"https:\/\/www.tasdevripromosyon.com.tr\/index.php\/wp-json\/wp\/v2\/product_tag?post=5354"}],"curies":[{"name":"wp","href":"https:\/\/api.w.org\/{rel}","templated":true}]}}