{"id":5355,"date":"2025-11-21T18:41:35","date_gmt":"2025-11-21T15:41:35","guid":{"rendered":"https:\/\/www.tasdevripromosyon.com.tr\/?post_type=product&#038;p=5355"},"modified":"2025-11-21T18:42:33","modified_gmt":"2025-11-21T15:42:33","slug":"6390-cok-fonksiyonlu-pense","status":"publish","type":"product","link":"https:\/\/www.tasdevripromosyon.com.tr\/index.php\/product\/6390-cok-fonksiyonlu-pense\/","title":{"rendered":"6390 \u00c7ok Fonksiyonlu Pense"},"content":{"rendered":"<p>* Ebat: 4.5 x10.5 cm A\u011f\u0131z: 10 Farkl\u0131+Tel Kesme * Tornavida Ucu: 9 Adet Materyal: Paslanmaz \u00c7elik * G\u00fcvenlik Kilidi: B\u00fct\u00fcn Aksamlarda K\u0131l\u0131f: \u00d6zel Bask\u0131: Lazer<\/p>\n","protected":false},"excerpt":{"rendered":"<p>* Ebat: 4.5 x10.5 cm A\u011f\u0131z: 10 Farkl\u0131+Tel Kesme * Tornavida Ucu: 9 Adet Materyal: Paslanmaz \u00c7elik * G\u00fcvenlik Kilidi: B\u00fct\u00fcn Aksamlarda K\u0131l\u0131f: \u00d6zel Bask\u0131: Lazer<\/p>\n","protected":false},"featured_media":5426,"comment_status":"closed","ping_status":"closed","template":"","meta":{"_acf_changed":false},"product_brand":[],"product_cat":[235],"product_tag":[],"class_list":{"0":"post-5355","1":"product","2":"type-product","3":"status-publish","4":"has-post-thumbnail","6":"product_cat-arac-ve-gerecler","8":"first","9":"instock","10":"sale","11":"shipping-taxable","12":"purchasable","13":"product-type-simple"},"acf":[],"_links":{"self":[{"href":"https:\/\/www.tasdevripromosyon.com.tr\/index.php\/wp-json\/wp\/v2\/product\/5355","targetHints":{"allow":["GET"]}}],"collection":[{"href":"https:\/\/www.tasdevripromosyon.com.tr\/index.php\/wp-json\/wp\/v2\/product"}],"about":[{"href":"https:\/\/www.tasdevripromosyon.com.tr\/index.php\/wp-json\/wp\/v2\/types\/product"}],"replies":[{"embeddable":true,"href":"https:\/\/www.tasdevripromosyon.com.tr\/index.php\/wp-json\/wp\/v2\/comments?post=5355"}],"wp:featuredmedia":[{"embeddable":true,"href":"https:\/\/www.tasdevripromosyon.com.tr\/index.php\/wp-json\/wp\/v2\/media\/5426"}],"wp:attachment":[{"href":"https:\/\/www.tasdevripromosyon.com.tr\/index.php\/wp-json\/wp\/v2\/media?parent=5355"}],"wp:term":[{"taxonomy":"product_brand","embeddable":true,"href":"https:\/\/www.tasdevripromosyon.com.tr\/index.php\/wp-json\/wp\/v2\/product_brand?post=5355"},{"taxonomy":"product_cat","embeddable":true,"href":"https:\/\/www.tasdevripromosyon.com.tr\/index.php\/wp-json\/wp\/v2\/product_cat?post=5355"},{"taxonomy":"product_tag","embeddable":true,"href":"https:\/\/www.tasdevripromosyon.com.tr\/index.php\/wp-json\/wp\/v2\/product_tag?post=5355"}],"curies":[{"name":"wp","href":"https:\/\/api.w.org\/{rel}","templated":true}]}}