{"id":5448,"date":"2025-11-21T18:42:49","date_gmt":"2025-11-21T15:42:49","guid":{"rendered":"https:\/\/www.tasdevripromosyon.com.tr\/?post_type=product&#038;p=5448"},"modified":"2025-11-21T18:43:58","modified_gmt":"2025-11-21T15:43:58","slug":"gd-030-notluk","status":"publish","type":"product","link":"https:\/\/www.tasdevripromosyon.com.tr\/index.php\/product\/gd-030-notluk\/","title":{"rendered":"GD-030 Notluk"},"content":{"rendered":"<p>* Ebat: 10 x 15 cm * Bask\u0131: UV, Serigrafi * Sayfa Say\u0131s\u0131: 150 * \u00c7izgili * Cilt: Spiralli * Ka\u011f\u0131t: 70 gr. krem * Kapak: Kraft * Yap\u0131\u015fkanl\u0131 Notluk: Var<\/p>\n","protected":false},"excerpt":{"rendered":"<p>* Ebat: 10 x 15 cm * Bask\u0131: UV, Serigrafi * Sayfa Say\u0131s\u0131: 150 * \u00c7izgili * Cilt: Spiralli * Ka\u011f\u0131t: 70 gr. krem * Kapak: Kraft * Yap\u0131\u015fkanl\u0131 Notluk:<\/p>\n","protected":false},"featured_media":5539,"comment_status":"closed","ping_status":"closed","template":"","meta":{"_acf_changed":false},"product_brand":[],"product_cat":[237],"product_tag":[],"class_list":{"0":"post-5448","1":"product","2":"type-product","3":"status-publish","4":"has-post-thumbnail","6":"product_cat-geri-donusum-urunler","8":"first","9":"instock","10":"sale","11":"shipping-taxable","12":"purchasable","13":"product-type-simple"},"acf":[],"_links":{"self":[{"href":"https:\/\/www.tasdevripromosyon.com.tr\/index.php\/wp-json\/wp\/v2\/product\/5448","targetHints":{"allow":["GET"]}}],"collection":[{"href":"https:\/\/www.tasdevripromosyon.com.tr\/index.php\/wp-json\/wp\/v2\/product"}],"about":[{"href":"https:\/\/www.tasdevripromosyon.com.tr\/index.php\/wp-json\/wp\/v2\/types\/product"}],"replies":[{"embeddable":true,"href":"https:\/\/www.tasdevripromosyon.com.tr\/index.php\/wp-json\/wp\/v2\/comments?post=5448"}],"wp:featuredmedia":[{"embeddable":true,"href":"https:\/\/www.tasdevripromosyon.com.tr\/index.php\/wp-json\/wp\/v2\/media\/5539"}],"wp:attachment":[{"href":"https:\/\/www.tasdevripromosyon.com.tr\/index.php\/wp-json\/wp\/v2\/media?parent=5448"}],"wp:term":[{"taxonomy":"product_brand","embeddable":true,"href":"https:\/\/www.tasdevripromosyon.com.tr\/index.php\/wp-json\/wp\/v2\/product_brand?post=5448"},{"taxonomy":"product_cat","embeddable":true,"href":"https:\/\/www.tasdevripromosyon.com.tr\/index.php\/wp-json\/wp\/v2\/product_cat?post=5448"},{"taxonomy":"product_tag","embeddable":true,"href":"https:\/\/www.tasdevripromosyon.com.tr\/index.php\/wp-json\/wp\/v2\/product_tag?post=5448"}],"curies":[{"name":"wp","href":"https:\/\/api.w.org\/{rel}","templated":true}]}}