{"id":5473,"date":"2025-11-21T18:43:11","date_gmt":"2025-11-21T15:43:11","guid":{"rendered":"https:\/\/www.tasdevripromosyon.com.tr\/?post_type=product&#038;p=5473"},"modified":"2025-11-21T18:44:05","modified_gmt":"2025-11-21T15:44:05","slug":"ezine-cz-k-terzi-dikis-tarihsiz-defter","status":"publish","type":"product","link":"https:\/\/www.tasdevripromosyon.com.tr\/index.php\/product\/ezine-cz-k-terzi-dikis-tarihsiz-defter\/","title":{"rendered":"Ezine-CZ-K Terzi Diki\u015f Tarihsiz Defter"},"content":{"rendered":"<p>* Deri: Termo * Ebat: 9 x 14 cm * Cilt: Terzi Diki\u015f * Kapak: Yumu\u015fak, Esnek * Bask\u0131: Gofre, UV * Koli Adeti: 200 * Sayfa Stili: \u00c7izgisiz * Sayfa Say\u0131s\u0131: 80 * Ka\u011f\u0131t: 80 gram (Ivory) Krem<\/p>\n","protected":false},"excerpt":{"rendered":"<p>* Deri: Termo * Ebat: 9 x 14 cm * Cilt: Terzi Diki\u015f * Kapak: Yumu\u015fak, Esnek * Bask\u0131: Gofre, UV * Koli Adeti: 200 * Sayfa Stili: \u00c7izgisiz *<\/p>\n","protected":false},"featured_media":5553,"comment_status":"closed","ping_status":"closed","template":"","meta":{"_acf_changed":false},"product_brand":[],"product_cat":[227],"product_tag":[],"class_list":{"0":"post-5473","1":"product","2":"type-product","3":"status-publish","4":"has-post-thumbnail","6":"product_cat-defterler","8":"first","9":"instock","10":"sale","11":"shipping-taxable","12":"purchasable","13":"product-type-simple"},"acf":[],"_links":{"self":[{"href":"https:\/\/www.tasdevripromosyon.com.tr\/index.php\/wp-json\/wp\/v2\/product\/5473","targetHints":{"allow":["GET"]}}],"collection":[{"href":"https:\/\/www.tasdevripromosyon.com.tr\/index.php\/wp-json\/wp\/v2\/product"}],"about":[{"href":"https:\/\/www.tasdevripromosyon.com.tr\/index.php\/wp-json\/wp\/v2\/types\/product"}],"replies":[{"embeddable":true,"href":"https:\/\/www.tasdevripromosyon.com.tr\/index.php\/wp-json\/wp\/v2\/comments?post=5473"}],"wp:featuredmedia":[{"embeddable":true,"href":"https:\/\/www.tasdevripromosyon.com.tr\/index.php\/wp-json\/wp\/v2\/media\/5553"}],"wp:attachment":[{"href":"https:\/\/www.tasdevripromosyon.com.tr\/index.php\/wp-json\/wp\/v2\/media?parent=5473"}],"wp:term":[{"taxonomy":"product_brand","embeddable":true,"href":"https:\/\/www.tasdevripromosyon.com.tr\/index.php\/wp-json\/wp\/v2\/product_brand?post=5473"},{"taxonomy":"product_cat","embeddable":true,"href":"https:\/\/www.tasdevripromosyon.com.tr\/index.php\/wp-json\/wp\/v2\/product_cat?post=5473"},{"taxonomy":"product_tag","embeddable":true,"href":"https:\/\/www.tasdevripromosyon.com.tr\/index.php\/wp-json\/wp\/v2\/product_tag?post=5473"}],"curies":[{"name":"wp","href":"https:\/\/api.w.org\/{rel}","templated":true}]}}