{"id":5510,"date":"2025-11-21T18:43:34","date_gmt":"2025-11-21T15:43:34","guid":{"rendered":"https:\/\/www.tasdevripromosyon.com.tr\/?post_type=product&#038;p=5510"},"modified":"2025-11-21T18:44:42","modified_gmt":"2025-11-21T15:44:42","slug":"libadiye-ysl-tarihsiz-cep-defter","status":"publish","type":"product","link":"https:\/\/www.tasdevripromosyon.com.tr\/index.php\/product\/libadiye-ysl-tarihsiz-cep-defter\/","title":{"rendered":"Libadiye-YSL Tarihsiz Cep Defter"},"content":{"rendered":"<p>* Deri: Termo * Ebat: 14.5 x 21 cm * Kalem Tutucu: Var * Kenarlar: Renkli * Bask\u0131: Gofre, UV * Koli Adeti: 40 * Sayfa Stili: \u00c7izgili * Sayfa Say\u0131s\u0131: 224 * Ka\u011f\u0131t: 80 gram (Ivory) Krem<\/p>\n","protected":false},"excerpt":{"rendered":"<p>* Deri: Termo * Ebat: 14.5 x 21 cm * Kalem Tutucu: Var * Kenarlar: Renkli * Bask\u0131: Gofre, UV * Koli Adeti: 40 * Sayfa Stili: \u00c7izgili * Sayfa<\/p>\n","protected":false},"featured_media":5591,"comment_status":"closed","ping_status":"closed","template":"","meta":{"_acf_changed":false},"product_brand":[],"product_cat":[227],"product_tag":[],"class_list":{"0":"post-5510","1":"product","2":"type-product","3":"status-publish","4":"has-post-thumbnail","6":"product_cat-defterler","8":"first","9":"instock","10":"sale","11":"shipping-taxable","12":"purchasable","13":"product-type-simple"},"acf":[],"_links":{"self":[{"href":"https:\/\/www.tasdevripromosyon.com.tr\/index.php\/wp-json\/wp\/v2\/product\/5510","targetHints":{"allow":["GET"]}}],"collection":[{"href":"https:\/\/www.tasdevripromosyon.com.tr\/index.php\/wp-json\/wp\/v2\/product"}],"about":[{"href":"https:\/\/www.tasdevripromosyon.com.tr\/index.php\/wp-json\/wp\/v2\/types\/product"}],"replies":[{"embeddable":true,"href":"https:\/\/www.tasdevripromosyon.com.tr\/index.php\/wp-json\/wp\/v2\/comments?post=5510"}],"wp:featuredmedia":[{"embeddable":true,"href":"https:\/\/www.tasdevripromosyon.com.tr\/index.php\/wp-json\/wp\/v2\/media\/5591"}],"wp:attachment":[{"href":"https:\/\/www.tasdevripromosyon.com.tr\/index.php\/wp-json\/wp\/v2\/media?parent=5510"}],"wp:term":[{"taxonomy":"product_brand","embeddable":true,"href":"https:\/\/www.tasdevripromosyon.com.tr\/index.php\/wp-json\/wp\/v2\/product_brand?post=5510"},{"taxonomy":"product_cat","embeddable":true,"href":"https:\/\/www.tasdevripromosyon.com.tr\/index.php\/wp-json\/wp\/v2\/product_cat?post=5510"},{"taxonomy":"product_tag","embeddable":true,"href":"https:\/\/www.tasdevripromosyon.com.tr\/index.php\/wp-json\/wp\/v2\/product_tag?post=5510"}],"curies":[{"name":"wp","href":"https:\/\/api.w.org\/{rel}","templated":true}]}}