{"id":5868,"date":"2025-11-21T18:49:30","date_gmt":"2025-11-21T15:49:30","guid":{"rendered":"https:\/\/www.tasdevripromosyon.com.tr\/?post_type=product&#038;p=5868"},"modified":"2025-11-21T18:50:14","modified_gmt":"2025-11-21T15:50:14","slug":"0522-130-trk-kursun-kalem","status":"publish","type":"product","link":"https:\/\/www.tasdevripromosyon.com.tr\/index.php\/product\/0522-130-trk-kursun-kalem\/","title":{"rendered":"0522-130-TRK Kur\u015fun Kalem"},"content":{"rendered":"<p>* Geri D\u00f6n\u00fc\u015f\u00fcm * Form: Yuvarlak * Bask\u0131: UV, Tampon * Bu kalemin \u00fcretiminde hi\u00e7bir a\u011faca zarar verilmemi\u015ftir. * Tamam\u0131 geri d\u00f6n\u00fc\u015ft\u00fcr\u00fclebilir at\u0131klardan olu\u015fmaktad\u0131r.<\/p>\n","protected":false},"excerpt":{"rendered":"<p>* Geri D\u00f6n\u00fc\u015f\u00fcm * Form: Yuvarlak * Bask\u0131: UV, Tampon * Bu kalemin \u00fcretiminde hi\u00e7bir a\u011faca zarar verilmemi\u015ftir. * Tamam\u0131 geri d\u00f6n\u00fc\u015ft\u00fcr\u00fclebilir at\u0131klardan olu\u015fmaktad\u0131r.<\/p>\n","protected":false},"featured_media":5908,"comment_status":"closed","ping_status":"closed","template":"","meta":{"_acf_changed":false},"product_brand":[],"product_cat":[250],"product_tag":[],"class_list":{"0":"post-5868","1":"product","2":"type-product","3":"status-publish","4":"has-post-thumbnail","6":"product_cat-doga-dostu-kalemler","8":"first","9":"instock","10":"sale","11":"shipping-taxable","12":"purchasable","13":"product-type-simple"},"acf":[],"_links":{"self":[{"href":"https:\/\/www.tasdevripromosyon.com.tr\/index.php\/wp-json\/wp\/v2\/product\/5868","targetHints":{"allow":["GET"]}}],"collection":[{"href":"https:\/\/www.tasdevripromosyon.com.tr\/index.php\/wp-json\/wp\/v2\/product"}],"about":[{"href":"https:\/\/www.tasdevripromosyon.com.tr\/index.php\/wp-json\/wp\/v2\/types\/product"}],"replies":[{"embeddable":true,"href":"https:\/\/www.tasdevripromosyon.com.tr\/index.php\/wp-json\/wp\/v2\/comments?post=5868"}],"wp:featuredmedia":[{"embeddable":true,"href":"https:\/\/www.tasdevripromosyon.com.tr\/index.php\/wp-json\/wp\/v2\/media\/5908"}],"wp:attachment":[{"href":"https:\/\/www.tasdevripromosyon.com.tr\/index.php\/wp-json\/wp\/v2\/media?parent=5868"}],"wp:term":[{"taxonomy":"product_brand","embeddable":true,"href":"https:\/\/www.tasdevripromosyon.com.tr\/index.php\/wp-json\/wp\/v2\/product_brand?post=5868"},{"taxonomy":"product_cat","embeddable":true,"href":"https:\/\/www.tasdevripromosyon.com.tr\/index.php\/wp-json\/wp\/v2\/product_cat?post=5868"},{"taxonomy":"product_tag","embeddable":true,"href":"https:\/\/www.tasdevripromosyon.com.tr\/index.php\/wp-json\/wp\/v2\/product_tag?post=5868"}],"curies":[{"name":"wp","href":"https:\/\/api.w.org\/{rel}","templated":true}]}}