{"id":6033,"date":"2025-11-21T18:52:35","date_gmt":"2025-11-21T15:52:35","guid":{"rendered":"https:\/\/www.tasdevripromosyon.com.tr\/?post_type=product&#038;p=6033"},"modified":"2025-11-21T18:54:54","modified_gmt":"2025-11-21T15:54:54","slug":"kasimpasa-k-gunluk-ajanda","status":"publish","type":"product","link":"https:\/\/www.tasdevripromosyon.com.tr\/index.php\/product\/kasimpasa-k-gunluk-ajanda\/","title":{"rendered":"Kas\u0131mpa\u015fa-K G\u00fcnl\u00fck Ajanda"},"content":{"rendered":"<p>* Deri: Termo * Ebat: 17 x 24 cm * Bask\u0131: Gofre, Serigrafi, UV * Koli Adeti: 40 * Sayfa Say\u0131s\u0131: 320 * Ka\u011f\u0131t: Krem<\/p>\n","protected":false},"excerpt":{"rendered":"<p>* Deri: Termo * Ebat: 17 x 24 cm * Bask\u0131: Gofre, Serigrafi, UV * Koli Adeti: 40 * Sayfa Say\u0131s\u0131: 320 * Ka\u011f\u0131t: Krem<\/p>\n","protected":false},"featured_media":6141,"comment_status":"closed","ping_status":"closed","template":"","meta":{"_acf_changed":false},"product_brand":[],"product_cat":[239],"product_tag":[],"class_list":{"0":"post-6033","1":"product","2":"type-product","3":"status-publish","4":"has-post-thumbnail","6":"product_cat-tarihli-ajandalar","8":"first","9":"instock","10":"sale","11":"shipping-taxable","12":"purchasable","13":"product-type-simple"},"acf":[],"_links":{"self":[{"href":"https:\/\/www.tasdevripromosyon.com.tr\/index.php\/wp-json\/wp\/v2\/product\/6033","targetHints":{"allow":["GET"]}}],"collection":[{"href":"https:\/\/www.tasdevripromosyon.com.tr\/index.php\/wp-json\/wp\/v2\/product"}],"about":[{"href":"https:\/\/www.tasdevripromosyon.com.tr\/index.php\/wp-json\/wp\/v2\/types\/product"}],"replies":[{"embeddable":true,"href":"https:\/\/www.tasdevripromosyon.com.tr\/index.php\/wp-json\/wp\/v2\/comments?post=6033"}],"wp:featuredmedia":[{"embeddable":true,"href":"https:\/\/www.tasdevripromosyon.com.tr\/index.php\/wp-json\/wp\/v2\/media\/6141"}],"wp:attachment":[{"href":"https:\/\/www.tasdevripromosyon.com.tr\/index.php\/wp-json\/wp\/v2\/media?parent=6033"}],"wp:term":[{"taxonomy":"product_brand","embeddable":true,"href":"https:\/\/www.tasdevripromosyon.com.tr\/index.php\/wp-json\/wp\/v2\/product_brand?post=6033"},{"taxonomy":"product_cat","embeddable":true,"href":"https:\/\/www.tasdevripromosyon.com.tr\/index.php\/wp-json\/wp\/v2\/product_cat?post=6033"},{"taxonomy":"product_tag","embeddable":true,"href":"https:\/\/www.tasdevripromosyon.com.tr\/index.php\/wp-json\/wp\/v2\/product_tag?post=6033"}],"curies":[{"name":"wp","href":"https:\/\/api.w.org\/{rel}","templated":true}]}}