{"id":6910,"date":"2025-11-21T19:07:15","date_gmt":"2025-11-21T16:07:15","guid":{"rendered":"https:\/\/www.tasdevripromosyon.com.tr\/?post_type=product&#038;p=6910"},"modified":"2025-11-21T19:08:25","modified_gmt":"2025-11-21T16:08:25","slug":"topkapi-l-tarihsiz-defter","status":"publish","type":"product","link":"https:\/\/www.tasdevripromosyon.com.tr\/index.php\/product\/topkapi-l-tarihsiz-defter\/","title":{"rendered":"Topkap\u0131-L Tarihsiz Defter"},"content":{"rendered":"<p>* Deri: Termo * Ebat: 13 x 21 cm * Kalem Tutucu: Var * Elastik Bant: Var * Bask\u0131: Gofre, UV * Koli Adeti: 40 * Sayfa Stili: \u00c7izgili * Sayfa Say\u0131s\u0131: 160 * Ka\u011f\u0131t: 70 gram Nostaljik<\/p>\n","protected":false},"excerpt":{"rendered":"<p>* Deri: Termo * Ebat: 13 x 21 cm * Kalem Tutucu: Var * Elastik Bant: Var * Bask\u0131: Gofre, UV * Koli Adeti: 40 * Sayfa Stili: \u00c7izgili *<\/p>\n","protected":false},"featured_media":6986,"comment_status":"closed","ping_status":"closed","template":"","meta":{"_acf_changed":false},"product_brand":[254],"product_cat":[227],"product_tag":[],"class_list":{"0":"post-6910","1":"product","2":"type-product","3":"status-publish","4":"has-post-thumbnail","6":"product_brand-kule-promosyon","7":"product_cat-defterler","9":"first","10":"instock","11":"sale","12":"shipping-taxable","13":"purchasable","14":"product-type-simple"},"acf":[],"_links":{"self":[{"href":"https:\/\/www.tasdevripromosyon.com.tr\/index.php\/wp-json\/wp\/v2\/product\/6910","targetHints":{"allow":["GET"]}}],"collection":[{"href":"https:\/\/www.tasdevripromosyon.com.tr\/index.php\/wp-json\/wp\/v2\/product"}],"about":[{"href":"https:\/\/www.tasdevripromosyon.com.tr\/index.php\/wp-json\/wp\/v2\/types\/product"}],"replies":[{"embeddable":true,"href":"https:\/\/www.tasdevripromosyon.com.tr\/index.php\/wp-json\/wp\/v2\/comments?post=6910"}],"wp:featuredmedia":[{"embeddable":true,"href":"https:\/\/www.tasdevripromosyon.com.tr\/index.php\/wp-json\/wp\/v2\/media\/6986"}],"wp:attachment":[{"href":"https:\/\/www.tasdevripromosyon.com.tr\/index.php\/wp-json\/wp\/v2\/media?parent=6910"}],"wp:term":[{"taxonomy":"product_brand","embeddable":true,"href":"https:\/\/www.tasdevripromosyon.com.tr\/index.php\/wp-json\/wp\/v2\/product_brand?post=6910"},{"taxonomy":"product_cat","embeddable":true,"href":"https:\/\/www.tasdevripromosyon.com.tr\/index.php\/wp-json\/wp\/v2\/product_cat?post=6910"},{"taxonomy":"product_tag","embeddable":true,"href":"https:\/\/www.tasdevripromosyon.com.tr\/index.php\/wp-json\/wp\/v2\/product_tag?post=6910"}],"curies":[{"name":"wp","href":"https:\/\/api.w.org\/{rel}","templated":true}]}}