{"id":6996,"date":"2025-11-21T19:08:36","date_gmt":"2025-11-21T16:08:36","guid":{"rendered":"https:\/\/www.tasdevripromosyon.com.tr\/?post_type=product&#038;p=6996"},"modified":"2025-11-21T19:10:03","modified_gmt":"2025-11-21T16:10:03","slug":"derince-fm-gunluk-ajanda","status":"publish","type":"product","link":"https:\/\/www.tasdevripromosyon.com.tr\/index.php\/product\/derince-fm-gunluk-ajanda\/","title":{"rendered":"Derince-FM G\u00fcnl\u00fck Ajanda"},"content":{"rendered":"<p>* Deri: Termo * Kalem Tutucu: Var * Kart ve Telefon B\u00f6lmesi: Var * Ebat: 17 x 24 cm * Bask\u0131: Gofre, Serigrafi, UV * Koli Adeti: 40 * Sayfa Say\u0131s\u0131: 336 * Ka\u011f\u0131t: 70 gram (Ivory) krem<\/p>\n","protected":false},"excerpt":{"rendered":"<p>* Deri: Termo * Kalem Tutucu: Var * Kart ve Telefon B\u00f6lmesi: Var * Ebat: 17 x 24 cm * Bask\u0131: Gofre, Serigrafi, UV * Koli Adeti: 40 * Sayfa<\/p>\n","protected":false},"featured_media":7107,"comment_status":"closed","ping_status":"closed","template":"","meta":{"_acf_changed":false},"product_brand":[254],"product_cat":[239],"product_tag":[],"class_list":{"0":"post-6996","1":"product","2":"type-product","3":"status-publish","4":"has-post-thumbnail","6":"product_brand-kule-promosyon","7":"product_cat-tarihli-ajandalar","9":"first","10":"instock","11":"sale","12":"shipping-taxable","13":"purchasable","14":"product-type-simple"},"acf":[],"_links":{"self":[{"href":"https:\/\/www.tasdevripromosyon.com.tr\/index.php\/wp-json\/wp\/v2\/product\/6996","targetHints":{"allow":["GET"]}}],"collection":[{"href":"https:\/\/www.tasdevripromosyon.com.tr\/index.php\/wp-json\/wp\/v2\/product"}],"about":[{"href":"https:\/\/www.tasdevripromosyon.com.tr\/index.php\/wp-json\/wp\/v2\/types\/product"}],"replies":[{"embeddable":true,"href":"https:\/\/www.tasdevripromosyon.com.tr\/index.php\/wp-json\/wp\/v2\/comments?post=6996"}],"wp:featuredmedia":[{"embeddable":true,"href":"https:\/\/www.tasdevripromosyon.com.tr\/index.php\/wp-json\/wp\/v2\/media\/7107"}],"wp:attachment":[{"href":"https:\/\/www.tasdevripromosyon.com.tr\/index.php\/wp-json\/wp\/v2\/media?parent=6996"}],"wp:term":[{"taxonomy":"product_brand","embeddable":true,"href":"https:\/\/www.tasdevripromosyon.com.tr\/index.php\/wp-json\/wp\/v2\/product_brand?post=6996"},{"taxonomy":"product_cat","embeddable":true,"href":"https:\/\/www.tasdevripromosyon.com.tr\/index.php\/wp-json\/wp\/v2\/product_cat?post=6996"},{"taxonomy":"product_tag","embeddable":true,"href":"https:\/\/www.tasdevripromosyon.com.tr\/index.php\/wp-json\/wp\/v2\/product_tag?post=6996"}],"curies":[{"name":"wp","href":"https:\/\/api.w.org\/{rel}","templated":true}]}}