{"id":8301,"date":"2025-11-21T19:27:59","date_gmt":"2025-11-21T16:27:59","guid":{"rendered":"https:\/\/www.tasdevripromosyon.com.tr\/?post_type=product&#038;p=8301"},"modified":"2025-11-21T19:29:19","modified_gmt":"2025-11-21T16:29:19","slug":"pc-6005-sirt-cantasi","status":"publish","type":"product","link":"https:\/\/www.tasdevripromosyon.com.tr\/index.php\/product\/pc-6005-sirt-cantasi\/","title":{"rendered":"PC-6005 S\u0131rt \u00c7antas\u0131"},"content":{"rendered":"<p>* Ebat: 43 x 30 x 10 cm * Kuma\u015f: \u0130mperteks * Ekstra: \u0130\u00e7 k\u00f6p\u00fck ve astar<\/p>\n","protected":false},"excerpt":{"rendered":"<p>* Ebat: 43 x 30 x 10 cm * Kuma\u015f: \u0130mperteks * Ekstra: \u0130\u00e7 k\u00f6p\u00fck ve astar<\/p>\n","protected":false},"featured_media":8365,"comment_status":"closed","ping_status":"closed","template":"","meta":{"_acf_changed":false},"product_brand":[254],"product_cat":[260],"product_tag":[],"class_list":{"0":"post-8301","1":"product","2":"type-product","3":"status-publish","4":"has-post-thumbnail","6":"product_brand-kule-promosyon","7":"product_cat-cantalar","9":"first","10":"outofstock","11":"shipping-taxable","12":"product-type-simple"},"acf":[],"_links":{"self":[{"href":"https:\/\/www.tasdevripromosyon.com.tr\/index.php\/wp-json\/wp\/v2\/product\/8301","targetHints":{"allow":["GET"]}}],"collection":[{"href":"https:\/\/www.tasdevripromosyon.com.tr\/index.php\/wp-json\/wp\/v2\/product"}],"about":[{"href":"https:\/\/www.tasdevripromosyon.com.tr\/index.php\/wp-json\/wp\/v2\/types\/product"}],"replies":[{"embeddable":true,"href":"https:\/\/www.tasdevripromosyon.com.tr\/index.php\/wp-json\/wp\/v2\/comments?post=8301"}],"wp:featuredmedia":[{"embeddable":true,"href":"https:\/\/www.tasdevripromosyon.com.tr\/index.php\/wp-json\/wp\/v2\/media\/8365"}],"wp:attachment":[{"href":"https:\/\/www.tasdevripromosyon.com.tr\/index.php\/wp-json\/wp\/v2\/media?parent=8301"}],"wp:term":[{"taxonomy":"product_brand","embeddable":true,"href":"https:\/\/www.tasdevripromosyon.com.tr\/index.php\/wp-json\/wp\/v2\/product_brand?post=8301"},{"taxonomy":"product_cat","embeddable":true,"href":"https:\/\/www.tasdevripromosyon.com.tr\/index.php\/wp-json\/wp\/v2\/product_cat?post=8301"},{"taxonomy":"product_tag","embeddable":true,"href":"https:\/\/www.tasdevripromosyon.com.tr\/index.php\/wp-json\/wp\/v2\/product_tag?post=8301"}],"curies":[{"name":"wp","href":"https:\/\/api.w.org\/{rel}","templated":true}]}}