{"id":8367,"date":"2025-11-21T19:29:25","date_gmt":"2025-11-21T16:29:25","guid":{"rendered":"https:\/\/www.tasdevripromosyon.com.tr\/?post_type=product&#038;p=8367"},"modified":"2025-11-21T19:30:05","modified_gmt":"2025-11-21T16:30:05","slug":"d-4815-tam-boy-boyama-seti","status":"publish","type":"product","link":"https:\/\/www.tasdevripromosyon.com.tr\/index.php\/product\/d-4815-tam-boy-boyama-seti\/","title":{"rendered":"D-4815 Tam Boy Boyama Seti"},"content":{"rendered":"<p>* Ebat: 3.3 x 20 cm * Kalemler: Ah\u015fap * Kutu: Geri D\u00f6n\u00fc\u015f\u00fcm * Kalemtra\u015f: Var * Bask\u0131: UV, Tampon<\/p>\n","protected":false},"excerpt":{"rendered":"<p>* Ebat: 3.3 x 20 cm * Kalemler: Ah\u015fap * Kutu: Geri D\u00f6n\u00fc\u015f\u00fcm * Kalemtra\u015f: Var * Bask\u0131: UV, Tampon<\/p>\n","protected":false},"featured_media":8406,"comment_status":"closed","ping_status":"closed","template":"","meta":{"_acf_changed":false},"product_brand":[254],"product_cat":[250],"product_tag":[],"class_list":{"0":"post-8367","1":"product","2":"type-product","3":"status-publish","4":"has-post-thumbnail","6":"product_brand-kule-promosyon","7":"product_cat-doga-dostu-kalemler","9":"first","10":"outofstock","11":"shipping-taxable","12":"product-type-simple"},"acf":[],"_links":{"self":[{"href":"https:\/\/www.tasdevripromosyon.com.tr\/index.php\/wp-json\/wp\/v2\/product\/8367","targetHints":{"allow":["GET"]}}],"collection":[{"href":"https:\/\/www.tasdevripromosyon.com.tr\/index.php\/wp-json\/wp\/v2\/product"}],"about":[{"href":"https:\/\/www.tasdevripromosyon.com.tr\/index.php\/wp-json\/wp\/v2\/types\/product"}],"replies":[{"embeddable":true,"href":"https:\/\/www.tasdevripromosyon.com.tr\/index.php\/wp-json\/wp\/v2\/comments?post=8367"}],"wp:featuredmedia":[{"embeddable":true,"href":"https:\/\/www.tasdevripromosyon.com.tr\/index.php\/wp-json\/wp\/v2\/media\/8406"}],"wp:attachment":[{"href":"https:\/\/www.tasdevripromosyon.com.tr\/index.php\/wp-json\/wp\/v2\/media?parent=8367"}],"wp:term":[{"taxonomy":"product_brand","embeddable":true,"href":"https:\/\/www.tasdevripromosyon.com.tr\/index.php\/wp-json\/wp\/v2\/product_brand?post=8367"},{"taxonomy":"product_cat","embeddable":true,"href":"https:\/\/www.tasdevripromosyon.com.tr\/index.php\/wp-json\/wp\/v2\/product_cat?post=8367"},{"taxonomy":"product_tag","embeddable":true,"href":"https:\/\/www.tasdevripromosyon.com.tr\/index.php\/wp-json\/wp\/v2\/product_tag?post=8367"}],"curies":[{"name":"wp","href":"https:\/\/api.w.org\/{rel}","templated":true}]}}