{"id":8438,"date":"2025-11-21T19:30:42","date_gmt":"2025-11-21T16:30:42","guid":{"rendered":"https:\/\/www.tasdevripromosyon.com.tr\/?post_type=product&#038;p=8438"},"modified":"2025-11-21T19:31:46","modified_gmt":"2025-11-21T16:31:46","slug":"ck-2025-bitki-yetistirme-seti","status":"publish","type":"product","link":"https:\/\/www.tasdevripromosyon.com.tr\/index.php\/product\/ck-2025-bitki-yetistirme-seti\/","title":{"rendered":"CK-2025 Bitki Yeti\u015ftirme Seti"},"content":{"rendered":"<p>* Ebat: 6.5 x 4.2 x 6 cm * Bask\u0131: UV, Serigrafi * Saks\u0131 Renk Se\u00e7enekleri: Beyaz, Saks Mavi, Bej, Turuncu, Turkuaz, K\u0131rm\u0131z\u0131, Ye\u015fil, Siyah<\/p>\n","protected":false},"excerpt":{"rendered":"<p>* Ebat: 6.5 x 4.2 x 6 cm * Bask\u0131: UV, Serigrafi * Saks\u0131 Renk Se\u00e7enekleri: Beyaz, Saks Mavi, Bej, Turuncu, Turkuaz, K\u0131rm\u0131z\u0131, Ye\u015fil, Siyah<\/p>\n","protected":false},"featured_media":8491,"comment_status":"closed","ping_status":"closed","template":"","meta":{"_acf_changed":false},"product_brand":[254],"product_cat":[267],"product_tag":[],"class_list":{"0":"post-8438","1":"product","2":"type-product","3":"status-publish","4":"has-post-thumbnail","6":"product_brand-kule-promosyon","7":"product_cat-bitki-yetistirme-setleri","9":"first","10":"outofstock","11":"shipping-taxable","12":"product-type-simple"},"acf":[],"_links":{"self":[{"href":"https:\/\/www.tasdevripromosyon.com.tr\/index.php\/wp-json\/wp\/v2\/product\/8438","targetHints":{"allow":["GET"]}}],"collection":[{"href":"https:\/\/www.tasdevripromosyon.com.tr\/index.php\/wp-json\/wp\/v2\/product"}],"about":[{"href":"https:\/\/www.tasdevripromosyon.com.tr\/index.php\/wp-json\/wp\/v2\/types\/product"}],"replies":[{"embeddable":true,"href":"https:\/\/www.tasdevripromosyon.com.tr\/index.php\/wp-json\/wp\/v2\/comments?post=8438"}],"wp:featuredmedia":[{"embeddable":true,"href":"https:\/\/www.tasdevripromosyon.com.tr\/index.php\/wp-json\/wp\/v2\/media\/8491"}],"wp:attachment":[{"href":"https:\/\/www.tasdevripromosyon.com.tr\/index.php\/wp-json\/wp\/v2\/media?parent=8438"}],"wp:term":[{"taxonomy":"product_brand","embeddable":true,"href":"https:\/\/www.tasdevripromosyon.com.tr\/index.php\/wp-json\/wp\/v2\/product_brand?post=8438"},{"taxonomy":"product_cat","embeddable":true,"href":"https:\/\/www.tasdevripromosyon.com.tr\/index.php\/wp-json\/wp\/v2\/product_cat?post=8438"},{"taxonomy":"product_tag","embeddable":true,"href":"https:\/\/www.tasdevripromosyon.com.tr\/index.php\/wp-json\/wp\/v2\/product_tag?post=8438"}],"curies":[{"name":"wp","href":"https:\/\/api.w.org\/{rel}","templated":true}]}}