{"id":9138,"date":"2025-11-21T19:45:22","date_gmt":"2025-11-21T16:45:22","guid":{"rendered":"https:\/\/www.tasdevripromosyon.com.tr\/?post_type=product&#038;p=9138"},"modified":"2025-11-21T19:46:17","modified_gmt":"2025-11-21T16:46:17","slug":"v30-741-g-metalize-duvar-saati","status":"publish","type":"product","link":"https:\/\/www.tasdevripromosyon.com.tr\/index.php\/product\/v30-741-g-metalize-duvar-saati\/","title":{"rendered":"V30-741-G Metalize Duvar Saati"},"content":{"rendered":"<p>* Ebat: 40 cm * \u00c7er\u00e7eve: Metalize Plastik * Kadran: Bristol * Saniye: Akar * Cam: Mineral * Bask\u0131: Ofset, Dijital * Koli Adeti: 10<\/p>\n","protected":false},"excerpt":{"rendered":"<p>* Ebat: 40 cm * \u00c7er\u00e7eve: Metalize Plastik * Kadran: Bristol * Saniye: Akar * Cam: Mineral * Bask\u0131: Ofset, Dijital * Koli Adeti: 10<\/p>\n","protected":false},"featured_media":9191,"comment_status":"closed","ping_status":"closed","template":"","meta":{"_acf_changed":false},"product_brand":[254],"product_cat":[257],"product_tag":[],"class_list":{"0":"post-9138","1":"product","2":"type-product","3":"status-publish","4":"has-post-thumbnail","6":"product_brand-kule-promosyon","7":"product_cat-metalize-duvar-saatleri","9":"first","10":"instock","11":"sale","12":"shipping-taxable","13":"purchasable","14":"product-type-simple"},"acf":[],"_links":{"self":[{"href":"https:\/\/www.tasdevripromosyon.com.tr\/index.php\/wp-json\/wp\/v2\/product\/9138","targetHints":{"allow":["GET"]}}],"collection":[{"href":"https:\/\/www.tasdevripromosyon.com.tr\/index.php\/wp-json\/wp\/v2\/product"}],"about":[{"href":"https:\/\/www.tasdevripromosyon.com.tr\/index.php\/wp-json\/wp\/v2\/types\/product"}],"replies":[{"embeddable":true,"href":"https:\/\/www.tasdevripromosyon.com.tr\/index.php\/wp-json\/wp\/v2\/comments?post=9138"}],"wp:featuredmedia":[{"embeddable":true,"href":"https:\/\/www.tasdevripromosyon.com.tr\/index.php\/wp-json\/wp\/v2\/media\/9191"}],"wp:attachment":[{"href":"https:\/\/www.tasdevripromosyon.com.tr\/index.php\/wp-json\/wp\/v2\/media?parent=9138"}],"wp:term":[{"taxonomy":"product_brand","embeddable":true,"href":"https:\/\/www.tasdevripromosyon.com.tr\/index.php\/wp-json\/wp\/v2\/product_brand?post=9138"},{"taxonomy":"product_cat","embeddable":true,"href":"https:\/\/www.tasdevripromosyon.com.tr\/index.php\/wp-json\/wp\/v2\/product_cat?post=9138"},{"taxonomy":"product_tag","embeddable":true,"href":"https:\/\/www.tasdevripromosyon.com.tr\/index.php\/wp-json\/wp\/v2\/product_tag?post=9138"}],"curies":[{"name":"wp","href":"https:\/\/api.w.org\/{rel}","templated":true}]}}