{"id":9965,"date":"2025-11-21T20:02:52","date_gmt":"2025-11-21T17:02:52","guid":{"rendered":"https:\/\/www.tasdevripromosyon.com.tr\/?post_type=product&#038;p=9965"},"modified":"2025-11-21T20:04:06","modified_gmt":"2025-11-21T17:04:06","slug":"pc-7008-k-laptop-cantasi","status":"publish","type":"product","link":"https:\/\/www.tasdevripromosyon.com.tr\/index.php\/product\/pc-7008-k-laptop-cantasi\/","title":{"rendered":"PC-7008-K Laptop \u00c7antas\u0131"},"content":{"rendered":"<p>* Ebat: 40 x 30 x 6 cm * Kuma\u015f: Su ge\u00e7irmez, 420D-15000 * Fermuar: Tip 5 ve Ba\u015fl\u0131k * B\u00f6lme: 2 B\u00f6lme * Bask\u0131: Serigrafi, Nak\u0131\u015f<\/p>\n","protected":false},"excerpt":{"rendered":"<p>* Ebat: 40 x 30 x 6 cm * Kuma\u015f: Su ge\u00e7irmez, 420D-15000 * Fermuar: Tip 5 ve Ba\u015fl\u0131k * B\u00f6lme: 2 B\u00f6lme * Bask\u0131: Serigrafi, Nak\u0131\u015f<\/p>\n","protected":false},"featured_media":10026,"comment_status":"closed","ping_status":"closed","template":"","meta":{"_acf_changed":false},"product_brand":[254],"product_cat":[260],"product_tag":[],"class_list":{"0":"post-9965","1":"product","2":"type-product","3":"status-publish","4":"has-post-thumbnail","6":"product_brand-kule-promosyon","7":"product_cat-cantalar","9":"first","10":"outofstock","11":"shipping-taxable","12":"product-type-simple"},"acf":[],"_links":{"self":[{"href":"https:\/\/www.tasdevripromosyon.com.tr\/index.php\/wp-json\/wp\/v2\/product\/9965","targetHints":{"allow":["GET"]}}],"collection":[{"href":"https:\/\/www.tasdevripromosyon.com.tr\/index.php\/wp-json\/wp\/v2\/product"}],"about":[{"href":"https:\/\/www.tasdevripromosyon.com.tr\/index.php\/wp-json\/wp\/v2\/types\/product"}],"replies":[{"embeddable":true,"href":"https:\/\/www.tasdevripromosyon.com.tr\/index.php\/wp-json\/wp\/v2\/comments?post=9965"}],"wp:featuredmedia":[{"embeddable":true,"href":"https:\/\/www.tasdevripromosyon.com.tr\/index.php\/wp-json\/wp\/v2\/media\/10026"}],"wp:attachment":[{"href":"https:\/\/www.tasdevripromosyon.com.tr\/index.php\/wp-json\/wp\/v2\/media?parent=9965"}],"wp:term":[{"taxonomy":"product_brand","embeddable":true,"href":"https:\/\/www.tasdevripromosyon.com.tr\/index.php\/wp-json\/wp\/v2\/product_brand?post=9965"},{"taxonomy":"product_cat","embeddable":true,"href":"https:\/\/www.tasdevripromosyon.com.tr\/index.php\/wp-json\/wp\/v2\/product_cat?post=9965"},{"taxonomy":"product_tag","embeddable":true,"href":"https:\/\/www.tasdevripromosyon.com.tr\/index.php\/wp-json\/wp\/v2\/product_tag?post=9965"}],"curies":[{"name":"wp","href":"https:\/\/api.w.org\/{rel}","templated":true}]}}